{"id":2587,"date":"2023-03-08T14:53:33","date_gmt":"2023-03-08T13:53:33","guid":{"rendered":"https:\/\/hotel-kraljevica.hr\/hotel-kraljevica\/rooms\/"},"modified":"2024-07-07T11:20:17","modified_gmt":"2024-07-07T09:20:17","slug":"sobe","status":"publish","type":"page","link":"https:\/\/hotel-kraljevica.hr\/hr\/hotel-kraljevica\/sobe\/","title":{"rendered":"Sobe"},"content":{"rendered":"\n<p>Na\u0161 hotel nudi niz udobnih i elegantnih soba koje \u0107e zadovoljiti potrebe svakog gosta, od udobnih standardnih soba do prostranog obiteljskog smje\u0161taja.<\/p>\n\n\n\n<!--more-->\n","protected":false},"excerpt":{"rendered":"<p>Our hotel offers a variety of comfortable and stylish rooms to suit every guest&#8217;s needs, from cozy standard rooms to luxurious suites with breathtaking sea views.<\/p>\n","protected":false},"author":1,"featured_media":1561,"parent":2555,"menu_order":2,"comment_status":"closed","ping_status":"closed","template":"","meta":{"inline_featured_image":false,"footnotes":""},"yst_prominent_words":[],"class_list":["post-2587","page","type-page","status-publish","has-post-thumbnail","hentry"],"_links":{"self":[{"href":"https:\/\/hotel-kraljevica.hr\/hr\/wp-json\/wp\/v2\/pages\/2587"}],"collection":[{"href":"https:\/\/hotel-kraljevica.hr\/hr\/wp-json\/wp\/v2\/pages"}],"about":[{"href":"https:\/\/hotel-kraljevica.hr\/hr\/wp-json\/wp\/v2\/types\/page"}],"author":[{"embeddable":true,"href":"https:\/\/hotel-kraljevica.hr\/hr\/wp-json\/wp\/v2\/users\/1"}],"replies":[{"embeddable":true,"href":"https:\/\/hotel-kraljevica.hr\/hr\/wp-json\/wp\/v2\/comments?post=2587"}],"version-history":[{"count":3,"href":"https:\/\/hotel-kraljevica.hr\/hr\/wp-json\/wp\/v2\/pages\/2587\/revisions"}],"predecessor-version":[{"id":2745,"href":"https:\/\/hotel-kraljevica.hr\/hr\/wp-json\/wp\/v2\/pages\/2587\/revisions\/2745"}],"up":[{"embeddable":true,"href":"https:\/\/hotel-kraljevica.hr\/hr\/wp-json\/wp\/v2\/pages\/2555"}],"wp:featuredmedia":[{"embeddable":true,"href":"https:\/\/hotel-kraljevica.hr\/hr\/wp-json\/wp\/v2\/media\/1561"}],"wp:attachment":[{"href":"https:\/\/hotel-kraljevica.hr\/hr\/wp-json\/wp\/v2\/media?parent=2587"}],"wp:term":[{"taxonomy":"yst_prominent_words","embeddable":true,"href":"https:\/\/hotel-kraljevica.hr\/hr\/wp-json\/wp\/v2\/yst_prominent_words?post=2587"}],"curies":[{"name":"wp","href":"https:\/\/api.w.org\/{rel}","templated":true}]}}