{"id":2588,"date":"2023-03-08T14:53:33","date_gmt":"2023-03-08T13:53:33","guid":{"rendered":"https:\/\/hotel-kraljevica.hr\/hotel-kraljevica\/rooms\/"},"modified":"2024-07-07T11:20:20","modified_gmt":"2024-07-07T09:20:20","slug":"raume","status":"publish","type":"page","link":"https:\/\/hotel-kraljevica.hr\/de\/hotel-kraljevica\/raume\/","title":{"rendered":"R\u00e4ume"},"content":{"rendered":"\n<p>Unser Hotel bietet eine Vielzahl komfortabler und stilvoller Zimmer, die den Bed\u00fcrfnissen jedes Gastes gerecht werden, von gem\u00fctlichen Standardzimmern bis hin zu ger\u00e4umigen Familienunterk\u00fcnften.<\/p>\n\n\n\n<!--more-->\n","protected":false},"excerpt":{"rendered":"<p>Our hotel offers a variety of comfortable and stylish rooms to suit every guest&#8217;s needs, from cozy standard rooms to luxurious suites with breathtaking sea views.<\/p>\n","protected":false},"author":1,"featured_media":1562,"parent":2554,"menu_order":2,"comment_status":"closed","ping_status":"closed","template":"","meta":{"inline_featured_image":false,"footnotes":""},"yst_prominent_words":[],"class_list":["post-2588","page","type-page","status-publish","has-post-thumbnail","hentry"],"_links":{"self":[{"href":"https:\/\/hotel-kraljevica.hr\/de\/wp-json\/wp\/v2\/pages\/2588"}],"collection":[{"href":"https:\/\/hotel-kraljevica.hr\/de\/wp-json\/wp\/v2\/pages"}],"about":[{"href":"https:\/\/hotel-kraljevica.hr\/de\/wp-json\/wp\/v2\/types\/page"}],"author":[{"embeddable":true,"href":"https:\/\/hotel-kraljevica.hr\/de\/wp-json\/wp\/v2\/users\/1"}],"replies":[{"embeddable":true,"href":"https:\/\/hotel-kraljevica.hr\/de\/wp-json\/wp\/v2\/comments?post=2588"}],"version-history":[{"count":3,"href":"https:\/\/hotel-kraljevica.hr\/de\/wp-json\/wp\/v2\/pages\/2588\/revisions"}],"predecessor-version":[{"id":2786,"href":"https:\/\/hotel-kraljevica.hr\/de\/wp-json\/wp\/v2\/pages\/2588\/revisions\/2786"}],"up":[{"embeddable":true,"href":"https:\/\/hotel-kraljevica.hr\/de\/wp-json\/wp\/v2\/pages\/2554"}],"wp:featuredmedia":[{"embeddable":true,"href":"https:\/\/hotel-kraljevica.hr\/de\/wp-json\/wp\/v2\/media\/1562"}],"wp:attachment":[{"href":"https:\/\/hotel-kraljevica.hr\/de\/wp-json\/wp\/v2\/media?parent=2588"}],"wp:term":[{"taxonomy":"yst_prominent_words","embeddable":true,"href":"https:\/\/hotel-kraljevica.hr\/de\/wp-json\/wp\/v2\/yst_prominent_words?post=2588"}],"curies":[{"name":"wp","href":"https:\/\/api.w.org\/{rel}","templated":true}]}}